{"id":289,"date":"2025-09-29T00:10:57","date_gmt":"2025-09-29T05:10:57","guid":{"rendered":"https:\/\/cleanheatminnesota.flywheelsites.com\/share-your-story-copy\/"},"modified":"2026-03-19T14:25:30","modified_gmt":"2026-03-19T19:25:30","slug":"share-your-story","status":"publish","type":"page","link":"https:\/\/cleanheatmn.org\/es\/share-your-story\/","title":{"rendered":"Share Your Story"},"content":{"rendered":"\t\t<div data-elementor-type=\"wp-page\" data-elementor-id=\"289\" class=\"elementor elementor-289 elementor-2067\" data-elementor-post-type=\"page\">\n\t\t\t\t<div class=\"elementor-element elementor-element-1cffb389 e-flex e-con-boxed e-con e-parent\" data-id=\"1cffb389\" data-element_type=\"container\" data-e-type=\"container\">\n\t\t\t\t\t<div class=\"e-con-inner\">\n\t\t\t\t<div class=\"elementor-element elementor-element-6ea8176d elementor-widget__width-initial elementor-widget-tablet__width-initial elementor-widget-mobile__width-initial elementor-widget elementor-widget-text-editor\" data-id=\"6ea8176d\" data-element_type=\"widget\" data-e-type=\"widget\" data-widget_type=\"text-editor.default\">\n\t\t\t\t<div class=\"elementor-widget-container\">\n\t\t\t\t\t\t\t\t\t<h3>Creemos que el poder del cambio reside en las experiencias y perspectivas personales de personas como t\u00fa. Tu experiencia hacia opciones m\u00e1s limpias, seguras y saludables para calentar, cocinar y abastecer tu hogar puede inspirar a otras personas y contribuir a dar forma al futuro de nuestro estado. <\/h3><h3><strong>Te invitamos a compartir tu historia con nosotros.<\/strong> Ya sea que hayas vivido los beneficios de la transici\u00f3n a tecnolog\u00edas de energ\u00eda m\u00e1s limpias, que hayas enfrentado desaf\u00edos que demuestran la necesidad de un cambio o que imagines un futuro m\u00e1s ecol\u00f3gico para Minnesota, tu voz es importante. Tu experiencia puede destacar la importancia de la seguridad, la asequibilidad, la equidad y la responsabilidad ambiental para el futuro de nuestro estado. Nos encantar\u00eda escuchar tu historia.  Nos encantar\u00eda escuchar tu historia.<\/h3><p><script type=\"text\/javascript\" src=\"https:\/\/static.everyaction.com\/ea-actiontag\/at.js\" crossorigin=\"anonymous\"><\/script><\/p><div class=\"ngp-form sm ml-0\" data-form-url=\"https:\/\/secure.everyaction.com\/v1\/Forms\/1dcplquRMEilB2uYEppsPQ2\" data-fastaction-endpoint=\"https:\/\/fastaction.ngpvan.com\" data-inline-errors=\"true\" data-fastaction-nologin=\"true\" data-databag-endpoint=\"https:\/\/profile.ngpvan.com\" data-databag=\"everybody\" data-mobile-autofocus=\"false\"> <\/div>\t\t\t\t\t\t\t\t<\/div>\n\t\t\t\t<\/div>\n\t\t\t\t\t<\/div>\n\t\t\t\t<\/div>\n\t\t\t\t<\/div>\n\t\t","protected":false},"excerpt":{"rendered":"<p>Creemos que el poder del cambio reside en las experiencias y perspectivas personales de personas como t\u00fa. Tu experiencia hacia opciones m\u00e1s limpias, seguras y saludables para calentar, cocinar y abastecer tu hogar puede inspirar a otras personas y contribuir a dar forma al futuro de nuestro estado. Te invitamos a compartir tu historia con [&hellip;]<\/p>\n","protected":false},"author":6,"featured_media":2276,"parent":0,"menu_order":0,"comment_status":"closed","ping_status":"closed","template":"elementor_header_footer","meta":{"footnotes":""},"class_list":["post-289","page","type-page","status-publish","has-post-thumbnail","hentry"],"_links":{"self":[{"href":"https:\/\/cleanheatmn.org\/es\/wp-json\/wp\/v2\/pages\/289","targetHints":{"allow":["GET"]}}],"collection":[{"href":"https:\/\/cleanheatmn.org\/es\/wp-json\/wp\/v2\/pages"}],"about":[{"href":"https:\/\/cleanheatmn.org\/es\/wp-json\/wp\/v2\/types\/page"}],"author":[{"embeddable":true,"href":"https:\/\/cleanheatmn.org\/es\/wp-json\/wp\/v2\/users\/6"}],"replies":[{"embeddable":true,"href":"https:\/\/cleanheatmn.org\/es\/wp-json\/wp\/v2\/comments?post=289"}],"version-history":[{"count":79,"href":"https:\/\/cleanheatmn.org\/es\/wp-json\/wp\/v2\/pages\/289\/revisions"}],"predecessor-version":[{"id":4024,"href":"https:\/\/cleanheatmn.org\/es\/wp-json\/wp\/v2\/pages\/289\/revisions\/4024"}],"wp:featuredmedia":[{"embeddable":true,"href":"https:\/\/cleanheatmn.org\/es\/wp-json\/wp\/v2\/media\/2276"}],"wp:attachment":[{"href":"https:\/\/cleanheatmn.org\/es\/wp-json\/wp\/v2\/media?parent=289"}],"curies":[{"name":"wp","href":"https:\/\/api.w.org\/{rel}","templated":true}]}}