{"id":3195,"date":"2025-09-12T10:24:58","date_gmt":"2025-09-12T15:24:58","guid":{"rendered":"https:\/\/cleanheatmn.org\/recent-news\/"},"modified":"2026-03-19T13:50:40","modified_gmt":"2026-03-19T18:50:40","slug":"recent-news","status":"publish","type":"page","link":"https:\/\/cleanheatmn.org\/es\/recent-news\/","title":{"rendered":"Noticias recientes"},"content":{"rendered":"\t\t<div data-elementor-type=\"wp-page\" data-elementor-id=\"3195\" class=\"elementor elementor-3195 elementor-1353\" data-elementor-post-type=\"page\">\n\t\t\t\t<div class=\"elementor-element elementor-element-8de3d57 e-flex e-con-boxed e-con e-parent\" data-id=\"8de3d57\" data-element_type=\"container\" data-e-type=\"container\">\n\t\t\t\t\t<div class=\"e-con-inner\">\n\t\t\t\t<div class=\"elementor-element elementor-element-d15d8cc elementor-widget elementor-widget-heading\" data-id=\"d15d8cc\" data-element_type=\"widget\" data-e-type=\"widget\" data-widget_type=\"heading.default\">\n\t\t\t\t<div class=\"elementor-widget-container\">\n\t\t\t\t\t<h1 class=\"elementor-heading-title elementor-size-default\">Noticias recientes<\/h1>\t\t\t\t<\/div>\n\t\t\t\t<\/div>\n\t\t\t\t<div class=\"elementor-element elementor-element-05e1f4b elementor-widget elementor-widget-heading\" data-id=\"05e1f4b\" data-element_type=\"widget\" data-e-type=\"widget\" data-widget_type=\"heading.default\">\n\t\t\t\t<div class=\"elementor-widget-container\">\n\t\t\t\t\t<p class=\"elementor-heading-title elementor-size-default\">Tu fuente de noticias, inspiraci\u00f3n y recursos sobre la energ\u00eda limpia en Minnesota.<br><br>\u00a1No olvides registrarte para recibir las \u00faltimas novedades directamente en tu correo electr\u00f3nico!<\/p>\t\t\t\t<\/div>\n\t\t\t\t<\/div>\n\t\t\t\t<div class=\"elementor-element elementor-element-c7a589c elementor-align-center elementor-widget elementor-widget-button\" data-id=\"c7a589c\" data-element_type=\"widget\" data-e-type=\"widget\" data-widget_type=\"button.default\">\n\t\t\t\t<div class=\"elementor-widget-container\">\n\t\t\t\t\t\t\t\t\t<div class=\"elementor-button-wrapper\">\n\t\t\t\t\t<a class=\"elementor-button elementor-button-link elementor-size-sm\" href=\"https:\/\/cleanheatmn.org\/es\/get-involved\/\">\n\t\t\t\t\t\t<span class=\"elementor-button-content-wrapper\">\n\t\t\t\t\t\t\t\t\t<span class=\"elementor-button-text\">Reg\u00edstrate<\/span>\n\t\t\t\t\t<\/span>\n\t\t\t\t\t<\/a>\n\t\t\t\t<\/div>\n\t\t\t\t\t\t\t\t<\/div>\n\t\t\t\t<\/div>\n\t\t\t\t\t<\/div>\n\t\t\t\t<\/div>\n\t\t\t\t<\/div>\n\t\t","protected":false},"excerpt":{"rendered":"<p>Noticias recientes Tu fuente de noticias, inspiraci\u00f3n y recursos sobre la energ\u00eda limpia en Minnesota. \u00a1No olvides registrarte para recibir las \u00faltimas novedades directamente en tu correo electr\u00f3nico! Reg\u00edstrate<\/p>\n","protected":false},"author":6,"featured_media":0,"parent":0,"menu_order":0,"comment_status":"closed","ping_status":"closed","template":"","meta":{"footnotes":""},"class_list":["post-3195","page","type-page","status-publish","hentry"],"_links":{"self":[{"href":"https:\/\/cleanheatmn.org\/es\/wp-json\/wp\/v2\/pages\/3195","targetHints":{"allow":["GET"]}}],"collection":[{"href":"https:\/\/cleanheatmn.org\/es\/wp-json\/wp\/v2\/pages"}],"about":[{"href":"https:\/\/cleanheatmn.org\/es\/wp-json\/wp\/v2\/types\/page"}],"author":[{"embeddable":true,"href":"https:\/\/cleanheatmn.org\/es\/wp-json\/wp\/v2\/users\/6"}],"replies":[{"embeddable":true,"href":"https:\/\/cleanheatmn.org\/es\/wp-json\/wp\/v2\/comments?post=3195"}],"version-history":[{"count":6,"href":"https:\/\/cleanheatmn.org\/es\/wp-json\/wp\/v2\/pages\/3195\/revisions"}],"predecessor-version":[{"id":4009,"href":"https:\/\/cleanheatmn.org\/es\/wp-json\/wp\/v2\/pages\/3195\/revisions\/4009"}],"wp:attachment":[{"href":"https:\/\/cleanheatmn.org\/es\/wp-json\/wp\/v2\/media?parent=3195"}],"curies":[{"name":"wp","href":"https:\/\/api.w.org\/{rel}","templated":true}]}}