{"id":929,"date":"2024-09-17T03:41:44","date_gmt":"2024-09-17T08:41:44","guid":{"rendered":"https:\/\/t59wvz1jk0.onrocket.site\/puc-copy\/"},"modified":"2026-03-19T14:12:04","modified_gmt":"2026-03-19T19:12:04","slug":"puc","status":"publish","type":"page","link":"https:\/\/cleanheatmn.org\/es\/puc\/","title":{"rendered":"Colaboraci\u00f3n con la Comisi\u00f3n de Servicios P\u00fablicos de Minnesota"},"content":{"rendered":"\t\t<div data-elementor-type=\"wp-page\" data-elementor-id=\"929\" class=\"elementor elementor-929 elementor-498\" data-elementor-post-type=\"page\">\n\t\t\t\t<div class=\"elementor-element elementor-element-ff06594 e-flex e-con-boxed e-con e-parent\" data-id=\"ff06594\" data-element_type=\"container\" data-e-type=\"container\">\n\t\t\t\t\t<div class=\"e-con-inner\">\n\t\t\t\t<div class=\"elementor-element elementor-element-ffaa963 elementor-widget__width-initial elementor-widget-tablet__width-initial elementor-hidden-mobile elementor-widget elementor-widget-image\" data-id=\"ffaa963\" data-element_type=\"widget\" data-e-type=\"widget\" data-widget_type=\"image.default\">\n\t\t\t\t<div class=\"elementor-widget-container\">\n\t\t\t\t\t\t\t\t\t\t\t\t\t\t\t<img fetchpriority=\"high\" decoding=\"async\" width=\"310\" height=\"313\" src=\"https:\/\/cleanheatmn.org\/wp-content\/uploads\/2023\/09\/CHM-logo.png\" class=\"attachment-large size-large wp-image-2722\" alt=\"\" srcset=\"https:\/\/cleanheatmn.org\/wp-content\/uploads\/2023\/09\/CHM-logo.png 310w, https:\/\/cleanheatmn.org\/wp-content\/uploads\/2023\/09\/CHM-logo-297x300.png 297w, https:\/\/cleanheatmn.org\/wp-content\/uploads\/2023\/09\/CHM-logo-150x150.png 150w\" sizes=\"(max-width: 310px) 100vw, 310px\" title=\"\">\t\t\t\t\t\t\t\t\t\t\t\t\t\t\t<\/div>\n\t\t\t\t<\/div>\n\t\t\t\t<div class=\"elementor-element elementor-element-449205e elementor-widget elementor-widget-heading\" data-id=\"449205e\" data-element_type=\"widget\" data-e-type=\"widget\" data-widget_type=\"heading.default\">\n\t\t\t\t<div class=\"elementor-widget-container\">\n\t\t\t\t\t<h1 class=\"elementor-heading-title elementor-size-default\">Engaging With The Minnesota Public Utilities Commission<\/h1>\t\t\t\t<\/div>\n\t\t\t\t<\/div>\n\t\t\t\t\t<\/div>\n\t\t\t\t<\/div>\n\t\t<div class=\"elementor-element elementor-element-8dc206a e-flex e-con-boxed e-con e-parent\" data-id=\"8dc206a\" data-element_type=\"container\" data-e-type=\"container\">\n\t\t\t\t\t<div class=\"e-con-inner\">\n\t\t<div class=\"elementor-element elementor-element-823159e e-con-full e-flex e-con e-child\" data-id=\"823159e\" data-element_type=\"container\" data-e-type=\"container\">\n\t\t\t\t<div class=\"elementor-element elementor-element-d7c4afc elementor-align-left elementor-widget elementor-widget-button\" data-id=\"d7c4afc\" data-element_type=\"widget\" data-e-type=\"widget\" data-widget_type=\"button.default\">\n\t\t\t\t<div class=\"elementor-widget-container\">\n\t\t\t\t\t\t\t\t\t<div class=\"elementor-button-wrapper\">\n\t\t\t\t\t<a class=\"elementor-button elementor-button-link elementor-size-sm\" href=\"https:\/\/cleanheatmn.org\/puc-spanish\/\">\n\t\t\t\t\t\t<span class=\"elementor-button-content-wrapper\">\n\t\t\t\t\t\t\t\t\t<span class=\"elementor-button-text\">ESPA\u00d1OL<\/span>\n\t\t\t\t\t<\/span>\n\t\t\t\t\t<\/a>\n\t\t\t\t<\/div>\n\t\t\t\t\t\t\t\t<\/div>\n\t\t\t\t<\/div>\n\t\t\t\t<\/div>\n\t\t\t\t\t<\/div>\n\t\t\t\t<\/div>\n\t\t<div class=\"elementor-element elementor-element-2578696d e-flex e-con-boxed e-con e-parent\" data-id=\"2578696d\" data-element_type=\"container\" data-e-type=\"container\">\n\t\t\t\t\t<div class=\"e-con-inner\">\n\t\t\t\t<div class=\"elementor-element elementor-element-2c537033 elementor-widget elementor-widget-text-editor\" data-id=\"2c537033\" data-element_type=\"widget\" data-e-type=\"widget\" data-widget_type=\"text-editor.default\">\n\t\t\t\t<div class=\"elementor-widget-container\">\n\t\t\t\t\t\t\t\t\t<h3>Minnesota necesita actuar ahora para abordar el tema del cambio clim\u00e1tico y garantizar que nuestro futuro energ\u00e9tico sea asequible y equitativo. El aumento reciente en los precios, la acci\u00f3n legislativa estatal y los acontecimientos clim\u00e1ticos extremos demuestran que necesitamos cambiar con urgencia nuestra trayectoria energ\u00e9tica. Lo que est\u00e1 en juego es enorme: nuestro clima, nuestra salud y nuestros empleos. Si no actuamos, Minnesota no alcanzar\u00e1 <a href=\"https:\/\/climate.state.mn.us\/minnesotas-climate-action-framework\" target=\"_blank\" rel=\"noopener\">sus metas clim\u00e1ticas<\/a> y correr\u00e1 el riesgo de imponer una carga a\u00fan mayor a quienes tienen menos recursos para afrontar los altos costos de los servicios p\u00fablicos.La Comisi\u00f3n de Servicios P\u00fablicos de Minnesota (PUC, por sus siglas en ingl\u00e9s) tiene autoridad expl\u00edcita para regular el gas natural y adoptar cambios significativos que influyan en nuestro futuro energ\u00e9tico. Colaborar con la PUC es una de las maneras m\u00e1s efectivas de influir en la pol\u00edtica energ\u00e9tica de Minnesota, tanto en el presente como a largo plazo.     <\/h3>\t\t\t\t\t\t\t\t<\/div>\n\t\t\t\t<\/div>\n\t\t\t\t\t<\/div>\n\t\t\t\t<\/div>\n\t\t<div class=\"elementor-element elementor-element-b758d32 e-flex e-con-boxed e-con e-parent\" data-id=\"b758d32\" data-element_type=\"container\" data-e-type=\"container\">\n\t\t\t\t\t<div class=\"e-con-inner\">\n\t\t\t\t<div class=\"elementor-element elementor-element-71f73c4 elementor-widget elementor-widget-text-editor\" data-id=\"71f73c4\" data-element_type=\"widget\" data-e-type=\"widget\" data-widget_type=\"text-editor.default\">\n\t\t\t\t<div class=\"elementor-widget-container\">\n\t\t\t\t\t\t\t\t\t<h3>A medida que Minnesota comienza a replantear el papel del gas natural en nuestros hogares y edificios, se abren oportunidades clave para influir tanto en la opini\u00f3n p\u00fablica como en las pol\u00edticas a trav\u00e9s de <a href=\"https:\/\/cubminnesota.org\/minnesota-to-require-natural-gas-utilities-to-file-integrated-resource-plans\/\" target=\"_blank\" rel=\"noopener\">la participaci\u00f3n en los pr\u00f3ximos procesos de la PUC<\/a>. La PUC ya ha tomado medidas ante el aumento y la <a href=\"https:\/\/cubminnesota.org\/minnesota-customers-will-no-longer-be-charged-nearly-60-million-in-winter-storm-uri-related-costs\/\" target=\"_blank\" rel=\"noopener\">volatilidad de los precios del gas<\/a>, y actualmente est\u00e1 recabando la opini\u00f3n del p\u00fablico sobre el futuro del gas en Minnesota. Es fundamental que personas de todos los contextos socioecon\u00f3micos, raciales y culturales participen en esta conversaci\u00f3n para garantizar que Minnesota adopte cambios de pol\u00edtica significativos que aceleren una transici\u00f3n justa y equitativa, alej\u00e1ndose del gas y avanzando hacia soluciones energ\u00e9ticas m\u00e1s limpias y seguras.  <\/h3>\t\t\t\t\t\t\t\t<\/div>\n\t\t\t\t<\/div>\n\t\t\t\t\t<\/div>\n\t\t\t\t<\/div>\n\t\t<div class=\"elementor-element elementor-element-65ca076 e-flex e-con-boxed e-con e-parent\" data-id=\"65ca076\" data-element_type=\"container\" data-e-type=\"container\">\n\t\t\t\t\t<div class=\"e-con-inner\">\n\t\t\t\t<div class=\"elementor-element elementor-element-1318b75 elementor-widget-divider--view-line elementor-widget elementor-widget-divider\" data-id=\"1318b75\" data-element_type=\"widget\" data-e-type=\"widget\" data-widget_type=\"divider.default\">\n\t\t\t\t<div class=\"elementor-widget-container\">\n\t\t\t\t\t\t\t<div class=\"elementor-divider\">\n\t\t\t<span class=\"elementor-divider-separator\">\n\t\t\t\t\t\t<\/span>\n\t\t<\/div>\n\t\t\t\t\t\t<\/div>\n\t\t\t\t<\/div>\n\t\t\t\t\t<\/div>\n\t\t\t\t<\/div>\n\t\t<div class=\"elementor-element elementor-element-022c03d e-flex e-con-boxed e-con e-parent\" data-id=\"022c03d\" data-element_type=\"container\" data-e-type=\"container\">\n\t\t\t\t\t<div class=\"e-con-inner\">\n\t\t\t\t<div class=\"elementor-element elementor-element-c39bd47 elementor-widget elementor-widget-text-editor\" data-id=\"c39bd47\" data-element_type=\"widget\" data-e-type=\"widget\" data-widget_type=\"text-editor.default\">\n\t\t\t\t<div class=\"elementor-widget-container\">\n\t\t\t\t\t\t\t\t\t<h2><strong>Acerca de la Comisi\u00f3n de Servicios P\u00fablicos de Minnesota<\/strong><\/h2><h3>La Comisi\u00f3n de Servicios P\u00fablicos de Minnesota regula los servicios p\u00fablicos de electricidad y gas que son propiedad de inversionistas en el estado. Est\u00e1 compuesta por cinco comisionados nombrados por el gobernador, con mandatos escalonados de seis a\u00f1os. La misi\u00f3n de la PUC es garantizar que las empresas de servicios p\u00fablicos de Minnesota ofrezcan servicios seguros, adecuados y eficientes a precios justos y razonables, y que sus decisiones est\u00e9n alineadas con las pol\u00edticas energ\u00e9ticas del estado. Asimismo, la comisi\u00f3n busca equilibrar los intereses p\u00fablicos y privados, tomando decisiones que respondan al inter\u00e9s p\u00fablico.   <\/h3>\t\t\t\t\t\t\t\t<\/div>\n\t\t\t\t<\/div>\n\t\t\t\t\t<\/div>\n\t\t\t\t<\/div>\n\t\t<div class=\"elementor-element elementor-element-f9f7bbb elementor-hidden-mobile e-flex e-con-boxed e-con e-parent\" data-id=\"f9f7bbb\" data-element_type=\"container\" data-e-type=\"container\">\n\t\t\t\t\t<div class=\"e-con-inner\">\n\t\t<div class=\"elementor-element elementor-element-8cefbd4 e-con-full e-flex e-con e-child\" data-id=\"8cefbd4\" data-element_type=\"container\" data-e-type=\"container\">\n\t\t\t\t<div class=\"elementor-element elementor-element-9380e54 elementor-widget elementor-widget-image\" data-id=\"9380e54\" data-element_type=\"widget\" data-e-type=\"widget\" data-widget_type=\"image.default\">\n\t\t\t\t<div class=\"elementor-widget-container\">\n\t\t\t\t\t\t\t\t\t\t\t\t\t\t\t<img decoding=\"async\" width=\"199\" height=\"300\" src=\"https:\/\/cleanheatmn.org\/wp-content\/uploads\/2025\/03\/K_Sieben_thumbnail_tcm14-610174-199x300.png\" class=\"attachment-medium size-medium wp-image-2280\" alt=\"\" srcset=\"https:\/\/cleanheatmn.org\/wp-content\/uploads\/2025\/03\/K_Sieben_thumbnail_tcm14-610174-199x300.png 199w, https:\/\/cleanheatmn.org\/wp-content\/uploads\/2025\/03\/K_Sieben_thumbnail_tcm14-610174-680x1024.png 680w, https:\/\/cleanheatmn.org\/wp-content\/uploads\/2025\/03\/K_Sieben_thumbnail_tcm14-610174.png 749w\" sizes=\"(max-width: 199px) 100vw, 199px\" title=\"\">\t\t\t\t\t\t\t\t\t\t\t\t\t\t\t<\/div>\n\t\t\t\t<\/div>\n\t\t\t\t<div class=\"elementor-element elementor-element-d643fdf elementor-widget elementor-widget-text-editor\" data-id=\"d643fdf\" data-element_type=\"widget\" data-e-type=\"widget\" data-widget_type=\"text-editor.default\">\n\t\t\t\t<div class=\"elementor-widget-container\">\n\t\t\t\t\t\t\t\t\t<h5>Katie Sieben, Chair<\/h5>\t\t\t\t\t\t\t\t<\/div>\n\t\t\t\t<\/div>\n\t\t\t\t<\/div>\n\t\t<div class=\"elementor-element elementor-element-9e7565d e-con-full e-flex e-con e-child\" data-id=\"9e7565d\" data-element_type=\"container\" data-e-type=\"container\">\n\t\t\t\t<div class=\"elementor-element elementor-element-705623a elementor-widget elementor-widget-image\" data-id=\"705623a\" data-element_type=\"widget\" data-e-type=\"widget\" data-widget_type=\"image.default\">\n\t\t\t\t<div class=\"elementor-widget-container\">\n\t\t\t\t\t\t\t\t\t\t\t\t\t\t\t<img decoding=\"async\" width=\"199\" height=\"300\" src=\"https:\/\/cleanheatmn.org\/wp-content\/uploads\/2025\/03\/Sullivan-199x300.png\" class=\"attachment-medium size-medium wp-image-2281\" alt=\"\" srcset=\"https:\/\/cleanheatmn.org\/wp-content\/uploads\/2025\/03\/Sullivan-199x300.png 199w, https:\/\/cleanheatmn.org\/wp-content\/uploads\/2025\/03\/Sullivan-680x1024.png 680w, https:\/\/cleanheatmn.org\/wp-content\/uploads\/2025\/03\/Sullivan.png 749w\" sizes=\"(max-width: 199px) 100vw, 199px\" title=\"\">\t\t\t\t\t\t\t\t\t\t\t\t\t\t\t<\/div>\n\t\t\t\t<\/div>\n\t\t\t\t<div class=\"elementor-element elementor-element-b8970fd elementor-widget elementor-widget-text-editor\" data-id=\"b8970fd\" data-element_type=\"widget\" data-e-type=\"widget\" data-widget_type=\"text-editor.default\">\n\t\t\t\t<div class=\"elementor-widget-container\">\n\t\t\t\t\t\t\t\t\t<h5>Joseph K. Sullivan, Vice-Chair<\/h5>\t\t\t\t\t\t\t\t<\/div>\n\t\t\t\t<\/div>\n\t\t\t\t<\/div>\n\t\t<div class=\"elementor-element elementor-element-c0fa93f e-con-full e-flex e-con e-child\" data-id=\"c0fa93f\" data-element_type=\"container\" data-e-type=\"container\">\n\t\t\t\t<div class=\"elementor-element elementor-element-863b257 elementor-widget elementor-widget-image\" data-id=\"863b257\" data-element_type=\"widget\" data-e-type=\"widget\" data-widget_type=\"image.default\">\n\t\t\t\t<div class=\"elementor-widget-container\">\n\t\t\t\t\t\t\t\t\t\t\t\t\t\t\t<img loading=\"lazy\" decoding=\"async\" width=\"199\" height=\"300\" src=\"https:\/\/cleanheatmn.org\/wp-content\/uploads\/2025\/03\/Partridge-199x300.png\" class=\"attachment-medium size-medium wp-image-2282\" alt=\"\" srcset=\"https:\/\/cleanheatmn.org\/wp-content\/uploads\/2025\/03\/Partridge-199x300.png 199w, https:\/\/cleanheatmn.org\/wp-content\/uploads\/2025\/03\/Partridge-680x1024.png 680w, https:\/\/cleanheatmn.org\/wp-content\/uploads\/2025\/03\/Partridge.png 749w\" sizes=\"(max-width: 199px) 100vw, 199px\" title=\"\">\t\t\t\t\t\t\t\t\t\t\t\t\t\t\t<\/div>\n\t\t\t\t<\/div>\n\t\t\t\t<div class=\"elementor-element elementor-element-1c96f2b elementor-widget elementor-widget-text-editor\" data-id=\"1c96f2b\" data-element_type=\"widget\" data-e-type=\"widget\" data-widget_type=\"text-editor.default\">\n\t\t\t\t<div class=\"elementor-widget-container\">\n\t\t\t\t\t\t\t\t\t<h5>Audrey Partridge<\/h5>\t\t\t\t\t\t\t\t<\/div>\n\t\t\t\t<\/div>\n\t\t\t\t<\/div>\n\t\t<div class=\"elementor-element elementor-element-9142950 e-con-full e-flex e-con e-child\" data-id=\"9142950\" data-element_type=\"container\" data-e-type=\"container\">\n\t\t\t\t<div class=\"elementor-element elementor-element-f00884d elementor-widget elementor-widget-image\" data-id=\"f00884d\" data-element_type=\"widget\" data-e-type=\"widget\" data-widget_type=\"image.default\">\n\t\t\t\t<div class=\"elementor-widget-container\">\n\t\t\t\t\t\t\t\t\t\t\t\t\t\t\t<img loading=\"lazy\" decoding=\"async\" width=\"199\" height=\"300\" src=\"https:\/\/cleanheatmn.org\/wp-content\/uploads\/2025\/03\/Ham-199x300.png\" class=\"attachment-medium size-medium wp-image-2283\" alt=\"\" srcset=\"https:\/\/cleanheatmn.org\/wp-content\/uploads\/2025\/03\/Ham-199x300.png 199w, https:\/\/cleanheatmn.org\/wp-content\/uploads\/2025\/03\/Ham-680x1024.png 680w, https:\/\/cleanheatmn.org\/wp-content\/uploads\/2025\/03\/Ham.png 749w\" sizes=\"(max-width: 199px) 100vw, 199px\" title=\"\">\t\t\t\t\t\t\t\t\t\t\t\t\t\t\t<\/div>\n\t\t\t\t<\/div>\n\t\t\t\t<div class=\"elementor-element elementor-element-5d3fb1a elementor-widget elementor-widget-text-editor\" data-id=\"5d3fb1a\" data-element_type=\"widget\" data-e-type=\"widget\" data-widget_type=\"text-editor.default\">\n\t\t\t\t<div class=\"elementor-widget-container\">\n\t\t\t\t\t\t\t\t\t<h5>Hwikwon Ham<\/h5>\t\t\t\t\t\t\t\t<\/div>\n\t\t\t\t<\/div>\n\t\t\t\t<\/div>\n\t\t<div class=\"elementor-element elementor-element-882c230 e-con-full e-flex e-con e-child\" data-id=\"882c230\" data-element_type=\"container\" data-e-type=\"container\">\n\t\t\t\t<div class=\"elementor-element elementor-element-617b964 elementor-widget elementor-widget-image\" data-id=\"617b964\" data-element_type=\"widget\" data-e-type=\"widget\" data-widget_type=\"image.default\">\n\t\t\t\t<div class=\"elementor-widget-container\">\n\t\t\t\t\t\t\t\t\t\t\t\t\t\t\t<img loading=\"lazy\" decoding=\"async\" width=\"199\" height=\"300\" src=\"https:\/\/cleanheatmn.org\/wp-content\/uploads\/2025\/03\/Tuma-199x300.png\" class=\"attachment-medium size-medium wp-image-2284\" alt=\"\" srcset=\"https:\/\/cleanheatmn.org\/wp-content\/uploads\/2025\/03\/Tuma-199x300.png 199w, https:\/\/cleanheatmn.org\/wp-content\/uploads\/2025\/03\/Tuma-680x1024.png 680w, https:\/\/cleanheatmn.org\/wp-content\/uploads\/2025\/03\/Tuma.png 749w\" sizes=\"(max-width: 199px) 100vw, 199px\" title=\"\">\t\t\t\t\t\t\t\t\t\t\t\t\t\t\t<\/div>\n\t\t\t\t<\/div>\n\t\t\t\t<div class=\"elementor-element elementor-element-09f5a45 elementor-widget elementor-widget-text-editor\" data-id=\"09f5a45\" data-element_type=\"widget\" data-e-type=\"widget\" data-widget_type=\"text-editor.default\">\n\t\t\t\t<div class=\"elementor-widget-container\">\n\t\t\t\t\t\t\t\t\t<h5>John Tuma<\/h5>\t\t\t\t\t\t\t\t<\/div>\n\t\t\t\t<\/div>\n\t\t\t\t<\/div>\n\t\t\t\t\t<\/div>\n\t\t\t\t<\/div>\n\t\t<div class=\"elementor-element elementor-element-46e940b e-flex e-con-boxed e-con e-parent\" data-id=\"46e940b\" data-element_type=\"container\" data-e-type=\"container\">\n\t\t\t\t\t<div class=\"e-con-inner\">\n\t\t\t\t<div class=\"elementor-element elementor-element-7e3a74d elementor-widget-divider--view-line elementor-widget elementor-widget-divider\" data-id=\"7e3a74d\" data-element_type=\"widget\" data-e-type=\"widget\" data-widget_type=\"divider.default\">\n\t\t\t\t<div class=\"elementor-widget-container\">\n\t\t\t\t\t\t\t<div class=\"elementor-divider\">\n\t\t\t<span class=\"elementor-divider-separator\">\n\t\t\t\t\t\t<\/span>\n\t\t<\/div>\n\t\t\t\t\t\t<\/div>\n\t\t\t\t<\/div>\n\t\t\t\t\t<\/div>\n\t\t\t\t<\/div>\n\t\t<div class=\"elementor-element elementor-element-97db024 e-flex e-con-boxed e-con e-parent\" data-id=\"97db024\" data-element_type=\"container\" data-e-type=\"container\">\n\t\t\t\t\t<div class=\"e-con-inner\">\n\t\t\t\t<div class=\"elementor-element elementor-element-cd15895 elementor-widget elementor-widget-text-editor\" data-id=\"cd15895\" data-element_type=\"widget\" data-e-type=\"widget\" data-widget_type=\"text-editor.default\">\n\t\t\t\t<div class=\"elementor-widget-container\">\n\t\t\t\t\t\t\t\t\t<h2><strong>Expedientes de la Comisi\u00f3n de Servicios P\u00fablicos\/Debates sobre el papel del gas en el sector de los servicios p\u00fablicos<\/strong><\/h2>\n<h3>En 2021, Minnesota aprob\u00f3 una ley que exige a la PUC realizar un an\u00e1lisis general sobre el uso del gas en hogares y edificios, y evaluar si es necesario actualizar las pol\u00edticas regulatorias para que el estado pueda cumplir sus metas clim\u00e1ticas. La principal forma en que la PUC recaba la opini\u00f3n del p\u00fablico es mediante un proceso p\u00fablico denominado \u201cexpediente\u201d. Un expediente es el conjunto de informaci\u00f3n p\u00fablica sobre los casos oficiales y los procedimientos de reglamentaci\u00f3n en curso dentro de una agencia estatal o comisi\u00f3n.  A docket is the public information on official cases and rulemaking proceedings underway at a state agency or Commission.<\/h3>\n<h3>La PUC tiene la tarea de evaluar, en el expediente del Futuro del Gas iniciado en 2021, los cambios necesarios en las estructuras regulatorias y pol\u00edticas de los servicios de gas para cumplir o superar los objetivos de reducci\u00f3n de emisiones de gases de efecto invernadero de Minnesota. Pr\u00f3ximamente, la PUC abrir\u00e1 el primer per\u00edodo de comentarios sobre los cambios normativos o de pol\u00edticas que podr\u00edan encaminar a Minnesota hacia esos objetivos de reducci\u00f3n de emisiones. <\/h3>\t\t\t\t\t\t\t\t<\/div>\n\t\t\t\t<\/div>\n\t\t\t\t\t<\/div>\n\t\t\t\t<\/div>\n\t\t<div class=\"elementor-element elementor-element-827d7bc e-flex e-con-boxed e-con e-parent\" data-id=\"827d7bc\" data-element_type=\"container\" data-e-type=\"container\">\n\t\t\t\t\t<div class=\"e-con-inner\">\n\t\t\t\t<div class=\"elementor-element elementor-element-489dacf elementor-widget-divider--view-line elementor-widget elementor-widget-divider\" data-id=\"489dacf\" data-element_type=\"widget\" data-e-type=\"widget\" data-widget_type=\"divider.default\">\n\t\t\t\t<div class=\"elementor-widget-container\">\n\t\t\t\t\t\t\t<div class=\"elementor-divider\">\n\t\t\t<span class=\"elementor-divider-separator\">\n\t\t\t\t\t\t<\/span>\n\t\t<\/div>\n\t\t\t\t\t\t<\/div>\n\t\t\t\t<\/div>\n\t\t\t\t\t<\/div>\n\t\t\t\t<\/div>\n\t\t<div class=\"elementor-element elementor-element-40d898f e-flex e-con-boxed e-con e-parent\" data-id=\"40d898f\" data-element_type=\"container\" data-e-type=\"container\">\n\t\t\t\t\t<div class=\"e-con-inner\">\n\t\t\t\t<div class=\"elementor-element elementor-element-6150cf2 elementor-widget elementor-widget-text-editor\" data-id=\"6150cf2\" data-element_type=\"widget\" data-e-type=\"widget\" data-widget_type=\"text-editor.default\">\n\t\t\t\t<div class=\"elementor-widget-container\">\n\t\t\t\t\t\t\t\t\t<h2><strong>C\u00f3mo participar en los asuntos relacionados con el gas en la Comisi\u00f3n de Servicios P\u00fablicos<\/strong><\/h2><h3>Puedes participar uni\u00e9ndote a la coalici\u00f3n Clean Heat Minnesota, donde recibir\u00e1s orientaci\u00f3n paso a paso sobre c\u00f3mo involucrarte en los debates sobre las pol\u00edticas en la Comisi\u00f3n de Servicios P\u00fablicos y en otros \u00e1mbitos. A trav\u00e9s de la coalici\u00f3n, compartiremos actualizaciones oportunas y pondremos a tu disposici\u00f3n todos los recursos necesarios para participar, especialmente si es la primera vez que te involucras en procesos de toma de decisiones. <\/h3>\t\t\t\t\t\t\t\t<\/div>\n\t\t\t\t<\/div>\n\t\t\t\t\t<\/div>\n\t\t\t\t<\/div>\n\t\t\t\t<\/div>\n\t\t","protected":false},"excerpt":{"rendered":"<p>Engaging With The Minnesota Public Utilities Commission ESPA\u00d1OL Minnesota necesita actuar ahora para abordar el tema del cambio clim\u00e1tico y garantizar que nuestro futuro energ\u00e9tico sea asequible y equitativo. El aumento reciente en los precios, la acci\u00f3n legislativa estatal y los acontecimientos clim\u00e1ticos extremos demuestran que necesitamos cambiar con urgencia nuestra trayectoria energ\u00e9tica. Lo que [&hellip;]<\/p>\n","protected":false},"author":6,"featured_media":0,"parent":0,"menu_order":0,"comment_status":"closed","ping_status":"closed","template":"","meta":{"footnotes":""},"class_list":["post-929","page","type-page","status-publish","hentry"],"_links":{"self":[{"href":"https:\/\/cleanheatmn.org\/es\/wp-json\/wp\/v2\/pages\/929","targetHints":{"allow":["GET"]}}],"collection":[{"href":"https:\/\/cleanheatmn.org\/es\/wp-json\/wp\/v2\/pages"}],"about":[{"href":"https:\/\/cleanheatmn.org\/es\/wp-json\/wp\/v2\/types\/page"}],"author":[{"embeddable":true,"href":"https:\/\/cleanheatmn.org\/es\/wp-json\/wp\/v2\/users\/6"}],"replies":[{"embeddable":true,"href":"https:\/\/cleanheatmn.org\/es\/wp-json\/wp\/v2\/comments?post=929"}],"version-history":[{"count":59,"href":"https:\/\/cleanheatmn.org\/es\/wp-json\/wp\/v2\/pages\/929\/revisions"}],"predecessor-version":[{"id":4015,"href":"https:\/\/cleanheatmn.org\/es\/wp-json\/wp\/v2\/pages\/929\/revisions\/4015"}],"wp:attachment":[{"href":"https:\/\/cleanheatmn.org\/es\/wp-json\/wp\/v2\/media?parent=929"}],"curies":[{"name":"wp","href":"https:\/\/api.w.org\/{rel}","templated":true}]}}