{"id":976,"date":"2024-09-17T03:47:38","date_gmt":"2024-09-17T08:47:38","guid":{"rendered":"https:\/\/t59wvz1jk0.onrocket.site\/two-pager-copy\/"},"modified":"2026-03-19T14:16:05","modified_gmt":"2026-03-19T19:16:05","slug":"two-pager","status":"publish","type":"page","link":"https:\/\/cleanheatmn.org\/es\/two-pager\/","title":{"rendered":"An\u00e1lisis sobre la descarbonizaci\u00f3n de edificios en Minnesota demuestra que la calefacci\u00f3n limpia est\u00e1 al alcance\u200b"},"content":{"rendered":"\t\t<div data-elementor-type=\"wp-page\" data-elementor-id=\"976\" class=\"elementor elementor-976 elementor-502\" data-elementor-post-type=\"page\">\n\t\t\t\t<div class=\"elementor-element elementor-element-b3fc9cb e-flex e-con-boxed e-con e-parent\" data-id=\"b3fc9cb\" data-element_type=\"container\" data-e-type=\"container\">\n\t\t\t\t\t<div class=\"e-con-inner\">\n\t\t\t\t<div class=\"elementor-element elementor-element-3bb334b elementor-widget__width-initial elementor-widget-tablet__width-initial elementor-hidden-mobile elementor-widget elementor-widget-image\" data-id=\"3bb334b\" data-element_type=\"widget\" data-e-type=\"widget\" data-widget_type=\"image.default\">\n\t\t\t\t<div class=\"elementor-widget-container\">\n\t\t\t\t\t\t\t\t\t\t\t\t\t\t\t<img fetchpriority=\"high\" decoding=\"async\" width=\"310\" height=\"313\" src=\"https:\/\/cleanheatmn.org\/wp-content\/uploads\/2023\/09\/CHM-logo.png\" class=\"attachment-large size-large wp-image-2722\" alt=\"\" srcset=\"https:\/\/cleanheatmn.org\/wp-content\/uploads\/2023\/09\/CHM-logo.png 310w, https:\/\/cleanheatmn.org\/wp-content\/uploads\/2023\/09\/CHM-logo-297x300.png 297w, https:\/\/cleanheatmn.org\/wp-content\/uploads\/2023\/09\/CHM-logo-150x150.png 150w\" sizes=\"(max-width: 310px) 100vw, 310px\" title=\"\">\t\t\t\t\t\t\t\t\t\t\t\t\t\t\t<\/div>\n\t\t\t\t<\/div>\n\t\t\t\t<div class=\"elementor-element elementor-element-9228241 elementor-widget elementor-widget-heading\" data-id=\"9228241\" data-element_type=\"widget\" data-e-type=\"widget\" data-widget_type=\"heading.default\">\n\t\t\t\t<div class=\"elementor-widget-container\">\n\t\t\t\t\t<h1 class=\"elementor-heading-title elementor-size-default\">An\u00e1lisis sobre la descarbonizaci\u00f3n de edificios en Minnesota demuestra que la calefacci\u00f3n limpia est\u00e1 al alcance\u200b<\/h1>\t\t\t\t<\/div>\n\t\t\t\t<\/div>\n\t\t\t\t\t<\/div>\n\t\t\t\t<\/div>\n\t\t<div class=\"elementor-element elementor-element-86eca42 e-flex e-con-boxed e-con e-parent\" data-id=\"86eca42\" data-element_type=\"container\" data-e-type=\"container\">\n\t\t\t\t\t<div class=\"e-con-inner\">\n\t\t<div class=\"elementor-element elementor-element-fb3f310 e-con-full e-flex e-con e-child\" data-id=\"fb3f310\" data-element_type=\"container\" data-e-type=\"container\">\n\t\t\t\t<div class=\"elementor-element elementor-element-3cdd61c elementor-widget elementor-widget-text-editor\" data-id=\"3cdd61c\" data-element_type=\"widget\" data-e-type=\"widget\" data-widget_type=\"text-editor.default\">\n\t\t\t\t<div class=\"elementor-widget-container\">\n\t\t\t\t\t\t\t\t\t<p class=\"para-large\">Minnesota puede alcanzar su meta de emisiones netas cero para 2050 de manera asequible mediante la implementaci\u00f3n masiva de bombas de calor y una transici\u00f3n eficiente.<\/p>\t\t\t\t\t\t\t\t<\/div>\n\t\t\t\t<\/div>\n\t\t<div class=\"elementor-element elementor-element-b16764e e-con-full e-flex e-con e-child\" data-id=\"b16764e\" data-element_type=\"container\" data-e-type=\"container\">\n\t\t\t\t<div class=\"elementor-element elementor-element-019cb71 elementor-align-center elementor-widget elementor-widget-button\" data-id=\"019cb71\" data-element_type=\"widget\" data-e-type=\"widget\" data-widget_type=\"button.default\">\n\t\t\t\t<div class=\"elementor-widget-container\">\n\t\t\t\t\t\t\t\t\t<div class=\"elementor-button-wrapper\">\n\t\t\t\t\t<a class=\"elementor-button elementor-button-link elementor-size-sm\" href=\"https:\/\/drive.google.com\/file\/d\/17GljHIUFVcb2RRxDDlBRWeqeXgnvre6f\/view\" target=\"_blank\" rel=\"noopener\">\n\t\t\t\t\t\t<span class=\"elementor-button-content-wrapper\">\n\t\t\t\t\t\t\t\t\t<span class=\"elementor-button-text\">Lea el informe completo.<\/span>\n\t\t\t\t\t<\/span>\n\t\t\t\t\t<\/a>\n\t\t\t\t<\/div>\n\t\t\t\t\t\t\t\t<\/div>\n\t\t\t\t<\/div>\n\t\t\t\t<\/div>\n\t\t\t\t<\/div>\n\t\t\t\t\t<\/div>\n\t\t\t\t<\/div>\n\t\t<div class=\"elementor-element elementor-element-7fab6c3 e-flex e-con-boxed e-con e-parent\" data-id=\"7fab6c3\" data-element_type=\"container\" data-e-type=\"container\">\n\t\t\t\t\t<div class=\"e-con-inner\">\n\t\t\t\t<div class=\"elementor-element elementor-element-7526097 elementor-widget-divider--view-line elementor-widget elementor-widget-divider\" data-id=\"7526097\" data-element_type=\"widget\" data-e-type=\"widget\" data-widget_type=\"divider.default\">\n\t\t\t\t<div class=\"elementor-widget-container\">\n\t\t\t\t\t\t\t<div class=\"elementor-divider\">\n\t\t\t<span class=\"elementor-divider-separator\">\n\t\t\t\t\t\t<\/span>\n\t\t<\/div>\n\t\t\t\t\t\t<\/div>\n\t\t\t\t<\/div>\n\t\t\t\t\t<\/div>\n\t\t\t\t<\/div>\n\t\t<div class=\"elementor-element elementor-element-f082636 e-flex e-con-boxed e-con e-parent\" data-id=\"f082636\" data-element_type=\"container\" data-e-type=\"container\">\n\t\t\t\t\t<div class=\"e-con-inner\">\n\t\t\t\t<div class=\"elementor-element elementor-element-5304232 elementor-widget elementor-widget-text-editor\" data-id=\"5304232\" data-element_type=\"widget\" data-e-type=\"widget\" data-widget_type=\"text-editor.default\">\n\t\t\t\t<div class=\"elementor-widget-container\">\n\t\t\t\t\t\t\t\t\t<h2><strong>Sobre el estudioAbout the Study<\/strong><\/h2><p class=\"para-large\">Clean Heat Minnesota contrat\u00f3 a Synapse Energy Economics para realizar un estudio sobre c\u00f3mo Minnesota podr\u00eda descarbonizar sus hogares y edificios de la manera m\u00e1s viable, rentable y equitativa posible.<\/p><p class=\"para-large\">El estudio simul\u00f3 el consumo de energ\u00eda de la calefacci\u00f3n el\u00e9ctrica, el calentamiento de agua, la cocina y el secado de ropa en edificios residenciales y comerciales, a la vez que midi\u00f3 el impacto de los cambios en el consumo de energ\u00eda en los sistemas de gas y electricidad de Minnesota.<\/p><p class=\"para-large\">El estudio simul\u00f3 dos escenarios opuestos: uno en el que se electrific\u00f3 por completo la calefacci\u00f3n de los edificios de Minnesota y otro en el que se maximiz\u00f3 el uso de gas natural renovable, que es un sustituto del gas f\u00f3sil derivado de la materia org\u00e1nica.<\/p>\t\t\t\t\t\t\t\t<\/div>\n\t\t\t\t<\/div>\n\t\t\t\t\t<\/div>\n\t\t\t\t<\/div>\n\t\t<div class=\"elementor-element elementor-element-5053537 e-flex e-con-boxed e-con e-parent\" data-id=\"5053537\" data-element_type=\"container\" data-e-type=\"container\">\n\t\t\t\t\t<div class=\"e-con-inner\">\n\t\t\t\t<div class=\"elementor-element elementor-element-71d380d elementor-widget-divider--view-line elementor-widget elementor-widget-divider\" data-id=\"71d380d\" data-element_type=\"widget\" data-e-type=\"widget\" data-widget_type=\"divider.default\">\n\t\t\t\t<div class=\"elementor-widget-container\">\n\t\t\t\t\t\t\t<div class=\"elementor-divider\">\n\t\t\t<span class=\"elementor-divider-separator\">\n\t\t\t\t\t\t<\/span>\n\t\t<\/div>\n\t\t\t\t\t\t<\/div>\n\t\t\t\t<\/div>\n\t\t\t\t\t<\/div>\n\t\t\t\t<\/div>\n\t\t<div class=\"elementor-element elementor-element-84188cb e-flex e-con-boxed e-con e-parent\" data-id=\"84188cb\" data-element_type=\"container\" data-e-type=\"container\">\n\t\t\t\t\t<div class=\"e-con-inner\">\n\t\t\t\t<div class=\"elementor-element elementor-element-e067712 elementor-widget elementor-widget-text-editor\" data-id=\"e067712\" data-element_type=\"widget\" data-e-type=\"widget\" data-widget_type=\"text-editor.default\">\n\t\t\t\t<div class=\"elementor-widget-container\">\n\t\t\t\t\t\t\t\t\t<h2><strong>El estudio concluy\u00f3 que:<\/strong><\/h2><p class=\"para-large\">\u2022 Es probable que tanto los costos como las emisiones sean menores si Minnesota electrifica completamente la calefacci\u00f3n.<\/p><p class=\"para-large\">\u2022 El consumo de gas debe disminuir dr\u00e1sticamente para alcanzar las cero emisiones netas. Incluso en el mejor de los casos, solo habr\u00e1 suficiente gas natural renovable para sustituir alrededor del 16% del gas natural que actualmente utilizan los hogares y las empresas. <\/p><p class=\"para-large\">\u2022 La adopci\u00f3n masiva de bombas de calor aerot\u00e9rmicas es una estrategia clave e inmediata, ya sea que Minnesota opte por la electrificaci\u00f3n total o por el gas natural renovable en el futuro.<\/p><p class=\"para-large\">\u2022 La demanda de electricidad aumentar\u00e1 considerablemente, pero el incremento ser\u00e1 manejable.<\/p>\t\t\t\t\t\t\t\t<\/div>\n\t\t\t\t<\/div>\n\t\t\t\t\t<\/div>\n\t\t\t\t<\/div>\n\t\t<div class=\"elementor-element elementor-element-965d15a e-flex e-con-boxed e-con e-parent\" data-id=\"965d15a\" data-element_type=\"container\" data-e-type=\"container\">\n\t\t\t\t\t<div class=\"e-con-inner\">\n\t\t\t\t<div class=\"elementor-element elementor-element-793aa2f elementor-widget-divider--view-line elementor-widget elementor-widget-divider\" data-id=\"793aa2f\" data-element_type=\"widget\" data-e-type=\"widget\" data-widget_type=\"divider.default\">\n\t\t\t\t<div class=\"elementor-widget-container\">\n\t\t\t\t\t\t\t<div class=\"elementor-divider\">\n\t\t\t<span class=\"elementor-divider-separator\">\n\t\t\t\t\t\t<\/span>\n\t\t<\/div>\n\t\t\t\t\t\t<\/div>\n\t\t\t\t<\/div>\n\t\t\t\t\t<\/div>\n\t\t\t\t<\/div>\n\t\t<div class=\"elementor-element elementor-element-0270d9a e-flex e-con-boxed e-con e-parent\" data-id=\"0270d9a\" data-element_type=\"container\" data-e-type=\"container\">\n\t\t\t\t\t<div class=\"e-con-inner\">\n\t\t\t\t<div class=\"elementor-element elementor-element-b88bcce elementor-widget elementor-widget-text-editor\" data-id=\"b88bcce\" data-element_type=\"widget\" data-e-type=\"widget\" data-widget_type=\"text-editor.default\">\n\t\t\t\t<div class=\"elementor-widget-container\">\n\t\t\t\t\t\t\t\t\t<h2>Para alcanzar la electrificaci\u00f3n total y cumplir nuestras metas clim\u00e1ticas, las ventas de bombas de calor en Minnesota deber\u00edan superar las 100,000 unidades al a\u00f1o en 2030.<\/h2>\t\t\t\t\t\t\t\t<\/div>\n\t\t\t\t<\/div>\n\t\t\t\t\t<\/div>\n\t\t\t\t<\/div>\n\t\t<div class=\"elementor-element elementor-element-e37d5cb e-flex e-con-boxed e-con e-parent\" data-id=\"e37d5cb\" data-element_type=\"container\" data-e-type=\"container\">\n\t\t\t\t\t<div class=\"e-con-inner\">\n\t\t\t\t<div class=\"elementor-element elementor-element-d69098e elementor-widget-divider--view-line elementor-widget elementor-widget-divider\" data-id=\"d69098e\" data-element_type=\"widget\" data-e-type=\"widget\" data-widget_type=\"divider.default\">\n\t\t\t\t<div class=\"elementor-widget-container\">\n\t\t\t\t\t\t\t<div class=\"elementor-divider\">\n\t\t\t<span class=\"elementor-divider-separator\">\n\t\t\t\t\t\t<\/span>\n\t\t<\/div>\n\t\t\t\t\t\t<\/div>\n\t\t\t\t<\/div>\n\t\t\t\t\t<\/div>\n\t\t\t\t<\/div>\n\t\t<div class=\"elementor-element elementor-element-4ded5d5 e-flex e-con-boxed e-con e-parent\" data-id=\"4ded5d5\" data-element_type=\"container\" data-e-type=\"container\">\n\t\t\t\t\t<div class=\"e-con-inner\">\n\t\t<div class=\"elementor-element elementor-element-0d6b3c1 e-con-full e-flex e-con e-child\" data-id=\"0d6b3c1\" data-element_type=\"container\" data-e-type=\"container\">\n\t\t\t\t<div class=\"elementor-element elementor-element-c499289 elementor-widget__width-initial elementor-widget elementor-widget-text-editor\" data-id=\"c499289\" data-element_type=\"widget\" data-e-type=\"widget\" data-widget_type=\"text-editor.default\">\n\t\t\t\t<div class=\"elementor-widget-container\">\n\t\t\t\t\t\t\t\t\t<h2><strong>Minnesota debe actuar ahora para abordar el cambio clim\u00e1tico y garantizar la asequibilidad y la equidad en nuestro futuro energ\u00e9tico.<\/strong><\/h2><p class=\"para-large\">Contamos con las tecnolog\u00edas necesarias para impulsar el cambio a favor del clima y de la salud; ahora debemos trabajar juntos para elaborar y poner en pr\u00e1ctica un plan de descarbonizaci\u00f3n de los edificios de Minnesota que no deje a nadie atr\u00e1s.<\/p><p class=\"para-large\">El an\u00e1lisis destac\u00f3 la necesidad de una planificaci\u00f3n cuidadosa y centrada en las personas para que los sistemas el\u00e9ctricos y de gas cumplan con los objetivos clim\u00e1ticos de nuestro estado.<\/p>\t\t\t\t\t\t\t\t<\/div>\n\t\t\t\t<\/div>\n\t\t\t\t<\/div>\n\t\t<div class=\"elementor-element elementor-element-1a8ed2b e-con-full e-flex e-con e-child\" data-id=\"1a8ed2b\" data-element_type=\"container\" data-e-type=\"container\">\n\t\t\t\t<div class=\"elementor-element elementor-element-b73f08f elementor-widget__width-initial elementor-invisible elementor-widget elementor-widget-image\" data-id=\"b73f08f\" data-element_type=\"widget\" data-e-type=\"widget\" data-settings=\"{&quot;_animation&quot;:&quot;fadeIn&quot;}\" data-widget_type=\"image.default\">\n\t\t\t\t<div class=\"elementor-widget-container\">\n\t\t\t\t\t\t\t\t\t\t\t\t\t\t\t<img decoding=\"async\" width=\"768\" height=\"900\" src=\"https:\/\/cleanheatmn.org\/wp-content\/uploads\/2025\/03\/CHM-Website-Team-image.png\" class=\"attachment-large size-large wp-image-2320\" alt=\"\" srcset=\"https:\/\/cleanheatmn.org\/wp-content\/uploads\/2025\/03\/CHM-Website-Team-image.png 768w, https:\/\/cleanheatmn.org\/wp-content\/uploads\/2025\/03\/CHM-Website-Team-image-256x300.png 256w\" sizes=\"(max-width: 768px) 100vw, 768px\" title=\"\">\t\t\t\t\t\t\t\t\t\t\t\t\t\t\t<\/div>\n\t\t\t\t<\/div>\n\t\t\t\t<\/div>\n\t\t\t\t\t<\/div>\n\t\t\t\t<\/div>\n\t\t<div class=\"elementor-element elementor-element-10410ef e-flex e-con-boxed e-con e-parent\" data-id=\"10410ef\" data-element_type=\"container\" data-e-type=\"container\">\n\t\t\t\t\t<div class=\"e-con-inner\">\n\t\t\t\t<div class=\"elementor-element elementor-element-d522151 elementor-widget-divider--view-line elementor-widget elementor-widget-divider\" data-id=\"d522151\" data-element_type=\"widget\" data-e-type=\"widget\" data-widget_type=\"divider.default\">\n\t\t\t\t<div class=\"elementor-widget-container\">\n\t\t\t\t\t\t\t<div class=\"elementor-divider\">\n\t\t\t<span class=\"elementor-divider-separator\">\n\t\t\t\t\t\t<\/span>\n\t\t<\/div>\n\t\t\t\t\t\t<\/div>\n\t\t\t\t<\/div>\n\t\t\t\t\t<\/div>\n\t\t\t\t<\/div>\n\t\t<div class=\"elementor-element elementor-element-26b961b e-flex e-con-boxed e-con e-parent\" data-id=\"26b961b\" data-element_type=\"container\" data-e-type=\"container\">\n\t\t\t\t\t<div class=\"e-con-inner\">\n\t\t\t\t<div class=\"elementor-element elementor-element-57767e4 elementor-widget elementor-widget-text-editor\" data-id=\"57767e4\" data-element_type=\"widget\" data-e-type=\"widget\" data-widget_type=\"text-editor.default\">\n\t\t\t\t<div class=\"elementor-widget-container\">\n\t\t\t\t\t\t\t\t\t<h2><strong>Una transici\u00f3n bien gestionada y deliberada para dejar atr\u00e1s el gas natural beneficiar\u00e1 a todos, incluidas las empresas de servicios p\u00fablicos.<\/strong><\/h2><p class=\"para-large\">\u2022 La electrificaci\u00f3n organizada para realizarse en vecindarios completos mantendr\u00e1 los costos asequibles.<\/p><p class=\"para-large\">\u2022 La depreciaci\u00f3n acelerada puede justificarse para permitir que las empresas de servicios p\u00fablicos recuperen los costos de las inversiones en capital.<\/p><p class=\"para-large\">\u2022 El aumento de la demanda el\u00e9ctrica dar\u00e1 lugar, a largo plazo, a tarifas m\u00e1s bajas.<\/p><p class=\"para-large\">\u2022 Minnesota deber\u00eda ayudar a las personas de bajos ingresos y a los inquilinos a adoptar tecnolog\u00edas de calefacci\u00f3n limpias.<\/p>\t\t\t\t\t\t\t\t<\/div>\n\t\t\t\t<\/div>\n\t\t\t\t\t<\/div>\n\t\t\t\t<\/div>\n\t\t<div class=\"elementor-element elementor-element-dbc3393 e-flex e-con-boxed e-con e-parent\" data-id=\"dbc3393\" data-element_type=\"container\" data-e-type=\"container\">\n\t\t\t\t\t<div class=\"e-con-inner\">\n\t\t\t\t<div class=\"elementor-element elementor-element-bb1bab4 elementor-widget-divider--view-line elementor-widget elementor-widget-divider\" data-id=\"bb1bab4\" data-element_type=\"widget\" data-e-type=\"widget\" data-widget_type=\"divider.default\">\n\t\t\t\t<div class=\"elementor-widget-container\">\n\t\t\t\t\t\t\t<div class=\"elementor-divider\">\n\t\t\t<span class=\"elementor-divider-separator\">\n\t\t\t\t\t\t<\/span>\n\t\t<\/div>\n\t\t\t\t\t\t<\/div>\n\t\t\t\t<\/div>\n\t\t\t\t\t<\/div>\n\t\t\t\t<\/div>\n\t\t<div class=\"elementor-element elementor-element-30fe0e9 e-flex e-con-boxed e-con e-parent\" data-id=\"30fe0e9\" data-element_type=\"container\" data-e-type=\"container\">\n\t\t\t\t\t<div class=\"e-con-inner\">\n\t\t\t\t<div class=\"elementor-element elementor-element-d6048f1 elementor-widget elementor-widget-text-editor\" data-id=\"d6048f1\" data-element_type=\"widget\" data-e-type=\"widget\" data-widget_type=\"text-editor.default\">\n\t\t\t\t<div class=\"elementor-widget-container\">\n\t\t\t\t\t\t\t\t\t<h2>La electrificaci\u00f3n total de los edificios de Minnesota probablemente ser\u00e1 m\u00e1s econ\u00f3mica para los hogares y m\u00e1s saludable para nuestras comunidades y el clima.<\/h2>\t\t\t\t\t\t\t\t<\/div>\n\t\t\t\t<\/div>\n\t\t\t\t\t<\/div>\n\t\t\t\t<\/div>\n\t\t<div class=\"elementor-element elementor-element-1b8771c e-flex e-con-boxed e-con e-parent\" data-id=\"1b8771c\" data-element_type=\"container\" data-e-type=\"container\">\n\t\t\t\t\t<div class=\"e-con-inner\">\n\t\t\t\t<div class=\"elementor-element elementor-element-81a6309 elementor-widget-divider--view-line elementor-widget elementor-widget-divider\" data-id=\"81a6309\" data-element_type=\"widget\" data-e-type=\"widget\" data-widget_type=\"divider.default\">\n\t\t\t\t<div class=\"elementor-widget-container\">\n\t\t\t\t\t\t\t<div class=\"elementor-divider\">\n\t\t\t<span class=\"elementor-divider-separator\">\n\t\t\t\t\t\t<\/span>\n\t\t<\/div>\n\t\t\t\t\t\t<\/div>\n\t\t\t\t<\/div>\n\t\t\t\t\t<\/div>\n\t\t\t\t<\/div>\n\t\t<div class=\"elementor-element elementor-element-00742a7 e-flex e-con-boxed e-con e-parent\" data-id=\"00742a7\" data-element_type=\"container\" data-e-type=\"container\">\n\t\t\t\t\t<div class=\"e-con-inner\">\n\t\t\t\t<div class=\"elementor-element elementor-element-df80139 elementor-widget elementor-widget-text-editor\" data-id=\"df80139\" data-element_type=\"widget\" data-e-type=\"widget\" data-widget_type=\"text-editor.default\">\n\t\t\t\t<div class=\"elementor-widget-container\">\n\t\t\t\t\t\t\t\t\t<h2><strong>El resultado final<\/strong><\/h2><p class=\"para-large\">Minnesota est\u00e1 bien posicionada para descarbonizar sus edificios. Juntos, podemos crear un futuro en el que todos puedan calentar, cocinar y hacer funcionar sus electrodom\u00e9sticos con energ\u00eda limpia y asequible, producida en el Medio Oeste. <\/p>\t\t\t\t\t\t\t\t<\/div>\n\t\t\t\t<\/div>\n\t\t\t\t\t<\/div>\n\t\t\t\t<\/div>\n\t\t\t\t<\/div>\n\t\t","protected":false},"excerpt":{"rendered":"<p>An\u00e1lisis sobre la descarbonizaci\u00f3n de edificios en Minnesota demuestra que la calefacci\u00f3n limpia est\u00e1 al alcance\u200b Minnesota puede alcanzar su meta de emisiones netas cero para 2050 de manera asequible mediante la implementaci\u00f3n masiva de bombas de calor y una transici\u00f3n eficiente. Lea el informe completo. Sobre el estudioAbout the Study Clean Heat Minnesota contrat\u00f3 [&hellip;]<\/p>\n","protected":false},"author":6,"featured_media":0,"parent":0,"menu_order":0,"comment_status":"closed","ping_status":"closed","template":"","meta":{"footnotes":""},"class_list":["post-976","page","type-page","status-publish","hentry"],"_links":{"self":[{"href":"https:\/\/cleanheatmn.org\/es\/wp-json\/wp\/v2\/pages\/976","targetHints":{"allow":["GET"]}}],"collection":[{"href":"https:\/\/cleanheatmn.org\/es\/wp-json\/wp\/v2\/pages"}],"about":[{"href":"https:\/\/cleanheatmn.org\/es\/wp-json\/wp\/v2\/types\/page"}],"author":[{"embeddable":true,"href":"https:\/\/cleanheatmn.org\/es\/wp-json\/wp\/v2\/users\/6"}],"replies":[{"embeddable":true,"href":"https:\/\/cleanheatmn.org\/es\/wp-json\/wp\/v2\/comments?post=976"}],"version-history":[{"count":45,"href":"https:\/\/cleanheatmn.org\/es\/wp-json\/wp\/v2\/pages\/976\/revisions"}],"predecessor-version":[{"id":4017,"href":"https:\/\/cleanheatmn.org\/es\/wp-json\/wp\/v2\/pages\/976\/revisions\/4017"}],"wp:attachment":[{"href":"https:\/\/cleanheatmn.org\/es\/wp-json\/wp\/v2\/media?parent=976"}],"curies":[{"name":"wp","href":"https:\/\/api.w.org\/{rel}","templated":true}]}}